{"id":73,"date":"2025-01-27T10:51:20","date_gmt":"2025-01-27T09:51:20","guid":{"rendered":"https:\/\/base.lp-mediaposte.fr\/?page_id=73"},"modified":"2025-01-27T10:51:29","modified_gmt":"2025-01-27T09:51:29","slug":"mentions-legales-et-cgus","status":"publish","type":"page","link":"https:\/\/demo-uexpress-lessorinieres.lp-mediaposte.fr\/?page_id=73","title":{"rendered":"Mentions L\u00e9gales et CGUs"},"content":{"rendered":"\t\t<div data-elementor-type=\"wp-page\" data-elementor-id=\"73\" class=\"elementor elementor-73\" data-elementor-post-type=\"page\">\n\t\t\t\t<div data-particle_enable=\"false\" data-particle-mobile-disabled=\"false\" class=\"elementor-element elementor-element-79f51b5f e-flex e-con-boxed e-con e-parent\" data-id=\"79f51b5f\" data-element_type=\"container\">\n\t\t\t\t\t<div class=\"e-con-inner\">\n\t\t\t\t<div class=\"elementor-element elementor-element-30d0bc7c elementor-widget elementor-widget-heading\" data-id=\"30d0bc7c\" data-element_type=\"widget\" data-widget_type=\"heading.default\">\n\t\t\t\t<div class=\"elementor-widget-container\">\n\t\t\t\t\t<h1 class=\"elementor-heading-title elementor-size-default\">Mentions L\u00e9gales et Conditions G\u00e9n\u00e9rales d\u2019Utilisation du Site<\/h1>\t\t\t\t<\/div>\n\t\t\t\t<\/div>\n\t\t\t\t<div class=\"elementor-element elementor-element-4cca2bc9 elementor-widget elementor-widget-heading\" data-id=\"4cca2bc9\" data-element_type=\"widget\" data-widget_type=\"heading.default\">\n\t\t\t\t<div class=\"elementor-widget-container\">\n\t\t\t\t\t<h3 class=\"elementor-heading-title elementor-size-default\">Date de la derni\u00e8re mise \u00e0 jour\u00a0: 11\/09\/2024<\/h3>\t\t\t\t<\/div>\n\t\t\t\t<\/div>\n\t\t\t\t<div class=\"elementor-element elementor-element-4206e502 elementor-widget elementor-widget-text-editor\" data-id=\"4206e502\" data-element_type=\"widget\" data-widget_type=\"text-editor.default\">\n\t\t\t\t<div class=\"elementor-widget-container\">\n\t\t\t\t\t\t\t\t\tLe Site <b>https:\/\/demo-uexpress-lessorinieres.lp-mediaposte.fr<\/b> est \u00e9dit\u00e9 par POLARIZED, SAS au capital de 10500,00 euros, dont le si\u00e8ge social est situ\u00e9 400 AV ROUMANILLE 06410 BIOT immatricul\u00e9e au Registre du Commerce et des Soci\u00e9t\u00e9s de Antibes sous le num\u00e9ro 89396890900018, ci-apr\u00e8s l\u2019\u00ab Editeur \u00bb.\n\n<br><br>\n\nCoordonn\u00e9es : contact@polarized.io\n\n<br><br>\n\nN\u00b0 de TVA intracommunautaire : FR08893968909.\n\n<br><br>\n\nLe directeur de la publication est Nicolas Rashidi, Pr\u00e9sident Directeur G\u00e9n\u00e9ral de POLARIZED.\n\n<br><br>\n\nL\u2019h\u00e9bergeur du Site est la soci\u00e9t\u00e9 Amazon Web Services, dont le si\u00e8ge social est situ\u00e9 au LLC P.O. Box 81226 Seattle, WA 98108-1226.\nServeur h\u00e9berg\u00e9 au datacenter Amazon Web Services (Paris, Zone A)\t\t\t\t\t\t\t\t<\/div>\n\t\t\t\t<\/div>\n\t\t\t\t\t<\/div>\n\t\t\t\t<\/div>\n\t\t<div data-particle_enable=\"false\" data-particle-mobile-disabled=\"false\" class=\"elementor-element elementor-element-e2b25a5 e-flex e-con-boxed e-con e-parent\" data-id=\"e2b25a5\" data-element_type=\"container\">\n\t\t\t\t\t<div class=\"e-con-inner\">\n\t\t\t\t<div class=\"elementor-element elementor-element-1490031b elementor-widget elementor-widget-heading\" data-id=\"1490031b\" data-element_type=\"widget\" data-widget_type=\"heading.default\">\n\t\t\t\t<div class=\"elementor-widget-container\">\n\t\t\t\t\t<h2 class=\"elementor-heading-title elementor-size-default\">Article 1 \u2013 D\u00c9FINITIONS<\/h2>\t\t\t\t<\/div>\n\t\t\t\t<\/div>\n\t\t\t\t<div class=\"elementor-element elementor-element-5fb9a2a0 elementor-widget elementor-widget-text-editor\" data-id=\"5fb9a2a0\" data-element_type=\"widget\" data-widget_type=\"text-editor.default\">\n\t\t\t\t<div class=\"elementor-widget-container\">\n\t\t\t\t\t\t\t\t\tChaque terme d\u00e9butant ci-apr\u00e8s par une majuscule a le sens qui lui est donn\u00e9 dans sa d\u00e9finition qui figure au pr\u00e9sent article.\n\n<br><br>\n\nConditions g\u00e9n\u00e9rales d\u2019utilisation ou CGU : d\u00e9signe le pr\u00e9sent document\n\n<br><br>\n\nSite : d\u00e9signe le site internet publi\u00e9 par l\u2019Editeur et destin\u00e9 aux Utilisateurs, accessible par le biais du pr\u00e9sent portail, accessible via l\u2019URL <b>https:\/\/demo-uexpress-lessorinieres.lp-mediaposte.fr<\/b>\n\n<br><br>\n\nUtilisateur : toute personne physique qui navigue sur le Site\n\n<br><br>\n\nCookies : couvre l\u2019ensemble des traceurs d\u00e9pos\u00e9s et\/ou lus, par exemple, lors de la consultation d\u2019un site internet ou d\u2019une application mobile ou lors de l\u2019activation ou pr\u00e9alablement \u00e0 l\u2019activation d\u2019un chatbot.\t\t\t\t\t\t\t\t<\/div>\n\t\t\t\t<\/div>\n\t\t\t\t\t<\/div>\n\t\t\t\t<\/div>\n\t\t<div data-particle_enable=\"false\" data-particle-mobile-disabled=\"false\" class=\"elementor-element elementor-element-1a32a073 e-flex e-con-boxed e-con e-parent\" data-id=\"1a32a073\" data-element_type=\"container\">\n\t\t\t\t\t<div class=\"e-con-inner\">\n\t\t\t\t<div class=\"elementor-element elementor-element-468e0cef elementor-widget elementor-widget-heading\" data-id=\"468e0cef\" data-element_type=\"widget\" data-widget_type=\"heading.default\">\n\t\t\t\t<div class=\"elementor-widget-container\">\n\t\t\t\t\t<h2 class=\"elementor-heading-title elementor-size-default\">Article 2 \u2013 OBJET<\/h2>\t\t\t\t<\/div>\n\t\t\t\t<\/div>\n\t\t\t\t<div class=\"elementor-element elementor-element-c0ac4f7 elementor-widget elementor-widget-text-editor\" data-id=\"c0ac4f7\" data-element_type=\"widget\" data-widget_type=\"text-editor.default\">\n\t\t\t\t<div class=\"elementor-widget-container\">\n\t\t\t\t\t\t\t\t\tLes Conditions g\u00e9n\u00e9rales d\u2019utilisation ont pour objet de d\u00e9finir les modalit\u00e9s et conditions d\u2019utilisation du Site par l\u2019Utilisateur.\n\n<br><br>\n\nL\u2019Utilisation du Site est subordonn\u00e9e au respect des Conditions g\u00e9n\u00e9rales d\u2019utilisation que l\u2019Utilisateur est r\u00e9put\u00e9 avoir accept\u00e9es du simple fait de l\u2019utilisation du Site.\n\n<br><br>\n\nLes Conditions g\u00e9n\u00e9rales d\u2019utilisation peuvent \u00eatre modifi\u00e9e \u00e0 tout moment par l\u2019Editeur, l\u2019Utilisateur est invit\u00e9 \u00e0 r\u00e9guli\u00e8rement \u00e0 les consulter. L\u2019Editeur indiquera sur le Site la date de mise \u00e0 jour des Conditions g\u00e9n\u00e9rales d\u2019utilisation.\t\t\t\t\t\t\t\t<\/div>\n\t\t\t\t<\/div>\n\t\t\t\t\t<\/div>\n\t\t\t\t<\/div>\n\t\t<div data-particle_enable=\"false\" data-particle-mobile-disabled=\"false\" class=\"elementor-element elementor-element-b34a1cd e-flex e-con-boxed e-con e-parent\" data-id=\"b34a1cd\" data-element_type=\"container\">\n\t\t\t\t\t<div class=\"e-con-inner\">\n\t\t\t\t<div class=\"elementor-element elementor-element-52af1f56 elementor-widget elementor-widget-heading\" data-id=\"52af1f56\" data-element_type=\"widget\" data-widget_type=\"heading.default\">\n\t\t\t\t<div class=\"elementor-widget-container\">\n\t\t\t\t\t<h2 class=\"elementor-heading-title elementor-size-default\">Article 3 \u2013 \u00c9VOLUTION DU SITE<\/h2>\t\t\t\t<\/div>\n\t\t\t\t<\/div>\n\t\t\t\t<div class=\"elementor-element elementor-element-514880f1 elementor-widget elementor-widget-text-editor\" data-id=\"514880f1\" data-element_type=\"widget\" data-widget_type=\"text-editor.default\">\n\t\t\t\t<div class=\"elementor-widget-container\">\n\t\t\t\t\t\t\t\t\tL\u2019Editeur se r\u00e9serve le droit de modifier ou d\u2019interrompre, temporairement ou d\u00e9finitivement, \u00e0 tout moment, tout ou partie du Site ou de ses fonctionnalit\u00e9s.\t\t\t\t\t\t\t\t<\/div>\n\t\t\t\t<\/div>\n\t\t\t\t\t<\/div>\n\t\t\t\t<\/div>\n\t\t<div data-particle_enable=\"false\" data-particle-mobile-disabled=\"false\" class=\"elementor-element elementor-element-17adc349 e-flex e-con-boxed e-con e-parent\" data-id=\"17adc349\" data-element_type=\"container\">\n\t\t\t\t\t<div class=\"e-con-inner\">\n\t\t\t\t<div class=\"elementor-element elementor-element-353489f4 elementor-widget elementor-widget-heading\" data-id=\"353489f4\" data-element_type=\"widget\" data-widget_type=\"heading.default\">\n\t\t\t\t<div class=\"elementor-widget-container\">\n\t\t\t\t\t<h2 class=\"elementor-heading-title elementor-size-default\">Article 4 \u2013 PROPRI\u00c9T\u00c9 INTELLECTUELLE<\/h2>\t\t\t\t<\/div>\n\t\t\t\t<\/div>\n\t\t\t\t<div class=\"elementor-element elementor-element-350e11f3 elementor-widget elementor-widget-text-editor\" data-id=\"350e11f3\" data-element_type=\"widget\" data-widget_type=\"text-editor.default\">\n\t\t\t\t<div class=\"elementor-widget-container\">\n\t\t\t\t\t\t\t\t\tLe Site constitue une \u0153uvre prot\u00e9g\u00e9e par la r\u00e9glementation en vigueur sur la propri\u00e9t\u00e9 intellectuelle dont l\u2019Editeur est propri\u00e9taire.\n\n<br><br>\n\nLe Site et les \u00e9l\u00e9ments pr\u00e9sents sur le Site, tels que notamment, et sans que cette \u00e9num\u00e9ration ne soit limitative, les textes, images anim\u00e9es ou non, photographies, documents t\u00e9l\u00e9chargeables, dessins, documents sonores, sont prot\u00e9g\u00e9s par le droit de la propri\u00e9t\u00e9 intellectuelle. Toute reproduction ou utilisation sans autorisation expresse de l\u2019Editeur est strictement interdite.\t\t\t\t\t\t\t\t<\/div>\n\t\t\t\t<\/div>\n\t\t\t\t\t<\/div>\n\t\t\t\t<\/div>\n\t\t<div data-particle_enable=\"false\" data-particle-mobile-disabled=\"false\" class=\"elementor-element elementor-element-247a878e e-flex e-con-boxed e-con e-parent\" data-id=\"247a878e\" data-element_type=\"container\">\n\t\t\t\t\t<div class=\"e-con-inner\">\n\t\t\t\t<div class=\"elementor-element elementor-element-72d99394 elementor-widget elementor-widget-heading\" data-id=\"72d99394\" data-element_type=\"widget\" data-widget_type=\"heading.default\">\n\t\t\t\t<div class=\"elementor-widget-container\">\n\t\t\t\t\t<h2 class=\"elementor-heading-title elementor-size-default\">Article 5 \u2013 LIENS\n<\/h2>\t\t\t\t<\/div>\n\t\t\t\t<\/div>\n\t\t\t\t<div class=\"elementor-element elementor-element-50e18aec elementor-widget elementor-widget-text-editor\" data-id=\"50e18aec\" data-element_type=\"widget\" data-widget_type=\"text-editor.default\">\n\t\t\t\t<div class=\"elementor-widget-container\">\n\t\t\t\t\t\t\t\t\tLe Site peut contenir des liens vers des sites de partenaires de l\u2019Editeur ou de tiers. L\u2019Editeur n\u2019exerce aucun contr\u00f4le sur ces sites et n\u2019assume par cons\u00e9quent aucune responsabilit\u00e9 quant \u00e0 la disponibilit\u00e9 de ces sites, leur contenu, publicit\u00e9s, produits ou services disponibles sur ou \u00e0 partir de ces sites.\t\t\t\t\t\t\t\t<\/div>\n\t\t\t\t<\/div>\n\t\t\t\t\t<\/div>\n\t\t\t\t<\/div>\n\t\t<div data-particle_enable=\"false\" data-particle-mobile-disabled=\"false\" class=\"elementor-element elementor-element-7a5113a8 e-flex e-con-boxed e-con e-parent\" data-id=\"7a5113a8\" data-element_type=\"container\">\n\t\t\t\t\t<div class=\"e-con-inner\">\n\t\t\t\t<div class=\"elementor-element elementor-element-79f87578 elementor-widget elementor-widget-heading\" data-id=\"79f87578\" data-element_type=\"widget\" data-widget_type=\"heading.default\">\n\t\t\t\t<div class=\"elementor-widget-container\">\n\t\t\t\t\t<h2 class=\"elementor-heading-title elementor-size-default\">Article 6 \u2013 DONN\u00c9ES PERSONNELLES<\/h2>\t\t\t\t<\/div>\n\t\t\t\t<\/div>\n\t\t\t\t<div class=\"elementor-element elementor-element-1808f8c1 elementor-widget elementor-widget-text-editor\" data-id=\"1808f8c1\" data-element_type=\"widget\" data-widget_type=\"text-editor.default\">\n\t\t\t\t<div class=\"elementor-widget-container\">\n\t\t\t\t\t\t\t\t\tLors de son utilisation du Site, l\u2019Utilisateur peut \u00eatre amen\u00e9 \u00e0 fournir des donn\u00e9es \u00e0 caract\u00e8re personnel le concernant.\n\n<br><br>\n\nPour toute information sur le traitement des donn\u00e9es personnelles, l\u2019Utilisateur peut se reporter \u00e0 la <b><a href=\"\/politique-de-confidentialite\" target=\"blank\">Politique de protection des donn\u00e9es<\/a><\/b>.\t\t\t\t\t\t\t\t<\/div>\n\t\t\t\t<\/div>\n\t\t\t\t\t<\/div>\n\t\t\t\t<\/div>\n\t\t<div data-particle_enable=\"false\" data-particle-mobile-disabled=\"false\" class=\"elementor-element elementor-element-4646b68b e-flex e-con-boxed e-con e-parent\" data-id=\"4646b68b\" data-element_type=\"container\">\n\t\t\t\t\t<div class=\"e-con-inner\">\n\t\t\t\t<div class=\"elementor-element elementor-element-17a8d729 elementor-widget elementor-widget-heading\" data-id=\"17a8d729\" data-element_type=\"widget\" data-widget_type=\"heading.default\">\n\t\t\t\t<div class=\"elementor-widget-container\">\n\t\t\t\t\t<h2 class=\"elementor-heading-title elementor-size-default\">Article 7 \u2013 RESPONSABILIT\u00c9<\/h2>\t\t\t\t<\/div>\n\t\t\t\t<\/div>\n\t\t\t\t<div class=\"elementor-element elementor-element-5e22209e elementor-widget elementor-widget-text-editor\" data-id=\"5e22209e\" data-element_type=\"widget\" data-widget_type=\"text-editor.default\">\n\t\t\t\t<div class=\"elementor-widget-container\">\n\t\t\t\t\t\t\t\t\tL\u2019Editeur n\u2019assume aucune responsabilit\u00e9 relative \u00e0 l\u2019acc\u00e8s et \u00e0 l\u2019utilisation du Site ou ses contenus. La responsabilit\u00e9 de l\u2019Editeur ne saurait \u00eatre engag\u00e9e \u00e0 quelque titre que ce soit, et sans que cette liste ne soit limitative, en cas de modification, suspension ou interruption du Site. \n\n<br><br>\n\nL\u2019Utilisateur est seul responsable de l\u2019utilisation qu\u2019il fait des informations accessibles via le Site. \t\t\t\t\t\t\t\t<\/div>\n\t\t\t\t<\/div>\n\t\t\t\t\t<\/div>\n\t\t\t\t<\/div>\n\t\t<div data-particle_enable=\"false\" data-particle-mobile-disabled=\"false\" class=\"elementor-element elementor-element-7f1b5b1c e-flex e-con-boxed e-con e-parent\" data-id=\"7f1b5b1c\" data-element_type=\"container\">\n\t\t\t\t\t<div class=\"e-con-inner\">\n\t\t\t\t<div class=\"elementor-element elementor-element-2c0a15fe elementor-widget elementor-widget-heading\" data-id=\"2c0a15fe\" data-element_type=\"widget\" data-widget_type=\"heading.default\">\n\t\t\t\t<div class=\"elementor-widget-container\">\n\t\t\t\t\t<h2 class=\"elementor-heading-title elementor-size-default\">Article 8 \u2013 ATTRIBUTION DE JURIDICTION<\/h2>\t\t\t\t<\/div>\n\t\t\t\t<\/div>\n\t\t\t\t<div class=\"elementor-element elementor-element-69153c03 elementor-widget elementor-widget-text-editor\" data-id=\"69153c03\" data-element_type=\"widget\" data-widget_type=\"text-editor.default\">\n\t\t\t\t<div class=\"elementor-widget-container\">\n\t\t\t\t\t\t\t\t\tLes CGU sont soumises au droit fran\u00e7ais.\n\n<br><br>\n\nEn cas de litige ou de contestation, pour les Utilisateurs ayant la qualit\u00e9 de professionnel, seuls les tribunaux de Paris seront comp\u00e9tents, m\u00eame en cas de pluralit\u00e9 de d\u00e9fendeurs ou d\u2019appels en garantie. \t\t\t\t\t\t\t\t<\/div>\n\t\t\t\t<\/div>\n\t\t\t\t\t<\/div>\n\t\t\t\t<\/div>\n\t\t\t\t<\/div>\n\t\t","protected":false},"excerpt":{"rendered":"<p>Mentions L\u00e9gales et Conditions G\u00e9n\u00e9rales d\u2019Utilisation du Site Date de la derni\u00e8re mise \u00e0 jour\u00a0: 11\/09\/2024 Article 1 \u2013 D\u00c9FINITIONS Article 2 \u2013 OBJET Article 3 \u2013 \u00c9VOLUTION DU SITE Article 4 \u2013 PROPRI\u00c9T\u00c9 INTELLECTUELLE Article 5 \u2013 LIENS Article 6 \u2013 DONN\u00c9ES PERSONNELLES Article 7 \u2013 RESPONSABILIT\u00c9 Article 8 \u2013 ATTRIBUTION DE JURIDICTION<\/p>\n","protected":false},"author":2,"featured_media":0,"parent":0,"menu_order":0,"comment_status":"closed","ping_status":"closed","template":"elementor_canvas","meta":{"_acf_changed":false,"footnotes":""},"class_list":["post-73","page","type-page","status-publish","hentry"],"acf":[],"_links":{"self":[{"href":"https:\/\/demo-uexpress-lessorinieres.lp-mediaposte.fr\/index.php?rest_route=\/wp\/v2\/pages\/73","targetHints":{"allow":["GET"]}}],"collection":[{"href":"https:\/\/demo-uexpress-lessorinieres.lp-mediaposte.fr\/index.php?rest_route=\/wp\/v2\/pages"}],"about":[{"href":"https:\/\/demo-uexpress-lessorinieres.lp-mediaposte.fr\/index.php?rest_route=\/wp\/v2\/types\/page"}],"author":[{"embeddable":true,"href":"https:\/\/demo-uexpress-lessorinieres.lp-mediaposte.fr\/index.php?rest_route=\/wp\/v2\/users\/2"}],"replies":[{"embeddable":true,"href":"https:\/\/demo-uexpress-lessorinieres.lp-mediaposte.fr\/index.php?rest_route=%2Fwp%2Fv2%2Fcomments&post=73"}],"version-history":[{"count":0,"href":"https:\/\/demo-uexpress-lessorinieres.lp-mediaposte.fr\/index.php?rest_route=\/wp\/v2\/pages\/73\/revisions"}],"wp:attachment":[{"href":"https:\/\/demo-uexpress-lessorinieres.lp-mediaposte.fr\/index.php?rest_route=%2Fwp%2Fv2%2Fmedia&parent=73"}],"curies":[{"name":"wp","href":"https:\/\/api.w.org\/{rel}","templated":true}]}}